{"id":16,"date":"2018-01-28T01:16:50","date_gmt":"2018-01-28T00:16:50","guid":{"rendered":"https:\/\/wildvogelfreunde.de\/?page_id=16"},"modified":"2019-05-14T03:27:56","modified_gmt":"2019-05-14T01:27:56","slug":"startseite","status":"publish","type":"page","link":"https:\/\/wildvogelfreunde.de\/","title":{"rendered":"Startseite"},"content":{"rendered":"<p>Herzlich willkommen bei den Wildvogelfreunden. Diese Seite ist unse &#8222;Au\u00dfenstelle&#8220; au\u00dferhalb von Facebook. Hier findest Du weiterf\u00fchrende Informationen, Wissenswertes und Allerlei rund um unsere gefiederten Lieblinge.<\/p>\n<p>Viel Spa\u00df!<\/p>\n<p>Aktuell ist diese Seite noch in der Entstehung und enth\u00e4lt nur das &#8222;Rohger\u00fcst&#8220;. aber nach und nach werden mehr Seiten und Inhalte dazukommen. Bleib neugierig und aschau doch immer mal wieder vorbei.<\/p>\n","protected":false},"excerpt":{"rendered":"<p>Herzlich willkommen bei den Wildvogelfreunden. Diese Seite ist unse &#8222;Au\u00dfenstelle&#8220; au\u00dferhalb von Facebook. Hier findest Du weiterf\u00fchrende Informationen, Wissenswertes und [&hellip;]<\/p>\n","protected":false},"author":1,"featured_media":0,"parent":0,"menu_order":0,"comment_status":"closed","ping_status":"closed","template":"","meta":{"_acf_changed":false,"footnotes":""},"class_list":["post-16","page","type-page","status-publish","hentry"],"acf":[],"_links":{"self":[{"href":"https:\/\/wildvogelfreunde.de\/index.php?rest_route=\/wp\/v2\/pages\/16","targetHints":{"allow":["GET"]}}],"collection":[{"href":"https:\/\/wildvogelfreunde.de\/index.php?rest_route=\/wp\/v2\/pages"}],"about":[{"href":"https:\/\/wildvogelfreunde.de\/index.php?rest_route=\/wp\/v2\/types\/page"}],"author":[{"embeddable":true,"href":"https:\/\/wildvogelfreunde.de\/index.php?rest_route=\/wp\/v2\/users\/1"}],"replies":[{"embeddable":true,"href":"https:\/\/wildvogelfreunde.de\/index.php?rest_route=%2Fwp%2Fv2%2Fcomments&post=16"}],"version-history":[{"count":4,"href":"https:\/\/wildvogelfreunde.de\/index.php?rest_route=\/wp\/v2\/pages\/16\/revisions"}],"predecessor-version":[{"id":111,"href":"https:\/\/wildvogelfreunde.de\/index.php?rest_route=\/wp\/v2\/pages\/16\/revisions\/111"}],"wp:attachment":[{"href":"https:\/\/wildvogelfreunde.de\/index.php?rest_route=%2Fwp%2Fv2%2Fmedia&parent=16"}],"curies":[{"name":"wp","href":"https:\/\/api.w.org\/{rel}","templated":true}]}}